{"id":551,"date":"2023-04-11T21:12:31","date_gmt":"2023-04-11T14:12:31","guid":{"rendered":"https:\/\/pudongprime.vn\/home"},"modified":"2023-07-27T17:42:00","modified_gmt":"2023-07-27T10:42:00","slug":"home","status":"publish","type":"page","link":"https:\/\/www.pudongprime.vn\/vi","title":{"rendered":"Trang ch\u1ee7"},"content":{"rendered":"<p>\t\t\t\t<img src=\"https:\/\/pudongprime.vn\/wp-content\/uploads\/2023\/06\/a\u0309nh-bi\u0300a-home.jpg\" alt=\"a\u0309nh bi\u0300a home\" itemprop=\"image\"  \/><br \/>\n\t\t\t\t<img loading=\"lazy\" src=\"https:\/\/pudongprime.vn\/wp-content\/uploads\/2023\/07\/YEP-PUDONG416-min-1.jpg\" alt=\"YEP PUDONG416-min\" itemprop=\"image\" height=\"1280\" width=\"1920\"  \/><\/p>\n<h3><\/h3>\n<h2 style=\"text-align: center;\">T\u1ea1i sao ch\u1ecdn Pudong<\/h2>\n<p>\t\t\t\t<img src=\"https:\/\/pudongprime.vn\/wp-content\/uploads\/2023\/05\/High-Quality.png\" alt=\"High Quality\" itemprop=\"image\"\/><\/p>\n<h3>Ch\u1ea5t l\u01b0\u1ee3ng cao<\/h3>\n<p>Ch\u00fang t\u00f4i h\u1ec7 th\u1ed1ng h\u00f3a c\u00e1ch nh\u00e2n vi\u00ean ph\u1ee5c v\u1ee5 v\u00e0 \u0111\u1ed1i x\u1eed v\u1edbi ch\u00ednh kh\u00e1ch h\u00e0ng c\u1ee7a m\u00ecnh. Ch\u00fang t\u00f4i cung c\u1ea5p d\u1ecbch v\u1ee5 v\u1edbi chi ph\u00ed th\u1ea5p nh\u01b0ng ch\u1ea5t l\u01b0\u1ee3ng v\u01b0\u1ee3t ngo\u00e0i mong \u0111\u1ee3i.<\/p>\n<p>\t\t\t\t<img src=\"https:\/\/pudongprime.vn\/wp-content\/uploads\/2023\/05\/Safety.png\" alt=\"Safety\" itemprop=\"image\"\/><\/p>\n<h3>An to\u00e0n<\/h3>\n<p>L\u00f4 h\u00e0ng c\u00f3 gi\u00e1 tr\u1ecb c\u1ee7a b\u1ea1n ph\u1ea3i \u0111\u01b0\u1ee3c x\u1eed l\u00fd v\u00e0 \u01b0u ti\u00ean h\u00e0ng \u0111\u1ea7u trong vi\u1ec7c chuy\u1ec3n t\u1eeb ng\u01b0\u1eddi g\u1eedi h\u00e0ng sang ng\u01b0\u1eddi nh\u1eadn h\u00e0ng<\/p>\n<p>\t\t\t\t<img src=\"https:\/\/pudongprime.vn\/wp-content\/uploads\/2023\/05\/Accuracy.png\" alt=\"Accuracy\" itemprop=\"image\"\/><\/p>\n<h3>S\u1ef1 ch\u00ednh x\u00e1c<\/h3>\n<p>Ch\u00ednh x\u00e1c trong vi\u1ec7c b\u00e1o gi\u00e1, li\u1ec7t k\u00ea c\u00e1c r\u1ee7i ro ti\u1ec1m \u1ea9n ph\u00f9 h\u1ee3p v\u1edbi y\u00eau c\u1ea7u c\u1ee7a t\u1eebng kh\u00e1ch h\u00e0ng.<\/p>\n<p>\t\t\t\t<img src=\"https:\/\/pudongprime.vn\/wp-content\/uploads\/2023\/05\/Efficiency.png\" alt=\"Efficiency\" itemprop=\"image\"\/><\/p>\n<h3>Hi\u1ec7u qu\u1ea3<\/h3>\n<p>Ch\u00fang t\u00f4i x\u1eed l\u00fd v\u00e0 v\u1eadn chuy\u1ec3n h\u00e0ng h\u00f3a c\u00f3 gi\u00e1 tr\u1ecb c\u1ee7a b\u1ea1n v\u1edbi th\u1eddi gian nhanh nh\u1ea5t v\u00e0 chi ph\u00ed \u0111\u00e1ng k\u1ec3 nh\u1ea5t t\u1ea1i m\u1ecdi th\u1eddi \u0111i\u1ec3m.<\/p>\n<p>\t    <div class=\"multimodal-shipping-wrapper\">\n        <div class=\"multimodal-shipping-inner\">\n            <div class=\"shipping-cloud\">\n                <div class=\"shipping-cloud__small\"><img src=\"https:\/\/www.pudongprime.vn\/wp-content\/themes\/bb-theme-child\/images\/clouds-small.png\" alt=\"clouds-small\"><\/div>\n                <div class=\"shipping-cloud__big\"><img  src=\"https:\/\/www.pudongprime.vn\/wp-content\/themes\/bb-theme-child\/images\/clouds-big.png\" alt=\"clouds-big\"><\/div>\n            <\/div>\n            <div class=\"shipping-slider-wrapper\">\n                                    <div class=\"shipping-icons\">\n                                                                                                                                            <div class=\"shipping-icon-item active\">\n                                    <img width=\"55\" height=\"23\" src=\"https:\/\/www.pudongprime.vn\/wp-content\/uploads\/2023\/04\/shipping-truck.svg\" class=\"attachment-full size-full\" alt=\"shipping-truck\" loading=\"lazy\" \/>                                <\/div>                                \n                                                        \n                                                                                                                    <div class=\"shipping-icon-item\">\n                                    <img width=\"55\" height=\"23\" src=\"https:\/\/www.pudongprime.vn\/wp-content\/uploads\/2023\/04\/shipping-ship.svg\" class=\"attachment-full size-full\" alt=\"shipping-ship\" loading=\"lazy\" \/>                                <\/div>                                \n                                                        \n                                                                                                                    <div class=\"shipping-icon-item\">\n                                    <img width=\"55\" height=\"23\" src=\"https:\/\/www.pudongprime.vn\/wp-content\/uploads\/2023\/04\/shipping-train.svg\" class=\"attachment-full size-full\" alt=\"shipping-train\" loading=\"lazy\" \/>                                <\/div>                                \n                                                        \n                                                                                                                    <div class=\"shipping-icon-item\">\n                                    <img width=\"63\" height=\"29\" src=\"https:\/\/www.pudongprime.vn\/wp-content\/uploads\/2023\/04\/shipping-plane.svg\" class=\"attachment-full size-full\" alt=\"shipping-plane\" loading=\"lazy\" \/>                                <\/div>                                \n                                                        \n                                            <\/div>         \n\n                    <div class=\"splide\" id=\"shipping-slider\">\n                        <div class=\"splide__track\">\n                            <ul class=\"splide__list\">\n                                                                                                             <li class=\"splide__slide\">\n                                            <div class=\"shipping-image\">\n                                                <img width=\"1920\" height=\"1106\" src=\"https:\/\/www.pudongprime.vn\/wp-content\/uploads\/2023\/05\/shipping-truck.png\" class=\"attachment-full size-full\" alt=\"shipping-truck\" loading=\"lazy\" srcset=\"https:\/\/www.pudongprime.vn\/wp-content\/uploads\/2023\/05\/shipping-truck.png 1920w, https:\/\/www.pudongprime.vn\/wp-content\/uploads\/2023\/05\/shipping-truck-768x442.png 768w, https:\/\/www.pudongprime.vn\/wp-content\/uploads\/2023\/05\/shipping-truck-1536x885.png 1536w\" sizes=\"(max-width: 1920px) 100vw, 1920px\" \/>                                            <\/div>\n                                        <\/li>\n                                                                                                                                                 <li class=\"splide__slide\">\n                                            <div class=\"shipping-image\">\n                                                <img width=\"1920\" height=\"1106\" src=\"https:\/\/www.pudongprime.vn\/wp-content\/uploads\/2023\/05\/shipping-ship.png\" class=\"attachment-full size-full\" alt=\"shipping-ship\" loading=\"lazy\" srcset=\"https:\/\/www.pudongprime.vn\/wp-content\/uploads\/2023\/05\/shipping-ship.png 1920w, https:\/\/www.pudongprime.vn\/wp-content\/uploads\/2023\/05\/shipping-ship-768x442.png 768w, https:\/\/www.pudongprime.vn\/wp-content\/uploads\/2023\/05\/shipping-ship-1536x885.png 1536w\" sizes=\"(max-width: 1920px) 100vw, 1920px\" \/>                                            <\/div>\n                                        <\/li>\n                                                                                                                                                 <li class=\"splide__slide\">\n                                            <div class=\"shipping-image\">\n                                                <img width=\"1920\" height=\"1106\" src=\"https:\/\/www.pudongprime.vn\/wp-content\/uploads\/2023\/05\/shipping-train.png\" class=\"attachment-full size-full\" alt=\"shipping-train\" loading=\"lazy\" srcset=\"https:\/\/www.pudongprime.vn\/wp-content\/uploads\/2023\/05\/shipping-train.png 1920w, https:\/\/www.pudongprime.vn\/wp-content\/uploads\/2023\/05\/shipping-train-768x442.png 768w, https:\/\/www.pudongprime.vn\/wp-content\/uploads\/2023\/05\/shipping-train-1536x885.png 1536w\" sizes=\"(max-width: 1920px) 100vw, 1920px\" \/>                                            <\/div>\n                                        <\/li>\n                                                                                                                                                 <li class=\"splide__slide\">\n                                            <div class=\"shipping-image\">\n                                                <img width=\"1920\" height=\"1106\" src=\"https:\/\/www.pudongprime.vn\/wp-content\/uploads\/2023\/05\/shipping-plane.png\" class=\"attachment-full size-full\" alt=\"shipping-plane\" loading=\"lazy\" srcset=\"https:\/\/www.pudongprime.vn\/wp-content\/uploads\/2023\/05\/shipping-plane.png 1920w, https:\/\/www.pudongprime.vn\/wp-content\/uploads\/2023\/05\/shipping-plane-768x442.png 768w, https:\/\/www.pudongprime.vn\/wp-content\/uploads\/2023\/05\/shipping-plane-1536x885.png 1536w\" sizes=\"(max-width: 1920px) 100vw, 1920px\" \/>                                            <\/div>\n                                        <\/li>\n                                                                                                <\/ul>\n                        <\/div>\n                    <\/div>\n                                <div class=\"shipping-container\">\n                    <div class=\"container\">\n                                                    <div class=\"shipping-aside\">\n                                <h2 class=\"block-title\">Ph\u01b0\u01a1ng th\u1ee9c<br \/>v\u1eadn chuy\u1ec3n<\/h2>\n                                <div class=\"service-links\">\n                                                                                                                        <div class=\"service-link\">\n                                                <a href=\"\/vi\/dich-vu\/van-tai-duong-bien\">V\u1eadn t\u1ea3i \u0111\u01b0\u1eddng bi\u1ec3n<\/a>\n                                            <\/div>\n                                                                                                                                                                <div class=\"service-link\">\n                                                <a href=\"\/vi\/dich-vu\/van-tai-duong-hang-khong\">V\u1eadn t\u1ea3i \u0111\u01b0\u1eddng h\u00e0ng kh\u00f4ng<\/a>\n                                            <\/div>\n                                                                                                                                                                <div class=\"service-link\">\n                                                <a href=\"\/vi\/dich-vu\/van-tai-duong-bo\">V\u1eadn t\u1ea3i \u0111\u01b0\u1eddng b\u1ed9<\/a>\n                                            <\/div>\n                                                                                                                                                                <div class=\"service-link\">\n                                                <a href=\"\/vi\/dich-vu\/van-tai-duong-bo\">V\u1eadn chuy\u1ec3n \u0111\u01b0\u1eddng t\u00e0u<\/a>\n                                            <\/div>\n                                                                             \n                                <\/div>\n                            <\/div>\n                                                                            <div class=\"shipping-tags-icons\">\n                                <div class=\"shipping-tags\">\n                                                                                                                        <div class=\"shipping-tag\">\n                                                <div class=\"tag-label\"><span>From 1 kg<\/span><\/div>\n                                                <img width=\"458\" height=\"458\" src=\"https:\/\/www.pudongprime.vn\/wp-content\/uploads\/2023\/05\/A.png\" class=\"attachment-full size-full\" alt=\"\" loading=\"lazy\" srcset=\"https:\/\/www.pudongprime.vn\/wp-content\/uploads\/2023\/05\/A.png 458w, https:\/\/www.pudongprime.vn\/wp-content\/uploads\/2023\/05\/A-150x150.png 150w\" sizes=\"(max-width: 458px) 100vw, 458px\" \/>                                            <\/div>\n                                                                                                                                                                <div class=\"shipping-tag\">\n                                                <div class=\"tag-label\"><span>Consolidated load<\/span><\/div>\n                                                <img width=\"358\" height=\"358\" src=\"https:\/\/www.pudongprime.vn\/wp-content\/uploads\/2023\/05\/B.png\" class=\"attachment-full size-full\" alt=\"\" loading=\"lazy\" srcset=\"https:\/\/www.pudongprime.vn\/wp-content\/uploads\/2023\/05\/B.png 358w, https:\/\/www.pudongprime.vn\/wp-content\/uploads\/2023\/05\/B-150x150.png 150w\" sizes=\"(max-width: 358px) 100vw, 358px\" \/>                                            <\/div>\n                                                                                                                                                                <div class=\"shipping-tag\">\n                                                <div class=\"tag-label\"><span>Refrigerators<\/span><\/div>\n                                                <img width=\"512\" height=\"512\" src=\"https:\/\/www.pudongprime.vn\/wp-content\/uploads\/2023\/05\/C.png\" class=\"attachment-full size-full\" alt=\"\" loading=\"lazy\" srcset=\"https:\/\/www.pudongprime.vn\/wp-content\/uploads\/2023\/05\/C.png 512w, https:\/\/www.pudongprime.vn\/wp-content\/uploads\/2023\/05\/C-150x150.png 150w\" sizes=\"(max-width: 512px) 100vw, 512px\" \/>                                            <\/div>\n                                                                                                                                                                <div class=\"shipping-tag\">\n                                                <div class=\"tag-label\"><span>Dry cargo<\/span><\/div>\n                                                <img width=\"458\" height=\"458\" src=\"https:\/\/www.pudongprime.vn\/wp-content\/uploads\/2023\/05\/D.png\" class=\"attachment-full size-full\" alt=\"\" loading=\"lazy\" srcset=\"https:\/\/www.pudongprime.vn\/wp-content\/uploads\/2023\/05\/D.png 458w, https:\/\/www.pudongprime.vn\/wp-content\/uploads\/2023\/05\/D-150x150.png 150w\" sizes=\"(max-width: 458px) 100vw, 458px\" \/>                                            <\/div>\n                                                                                                                                                                <div class=\"shipping-tag\">\n                                                <div class=\"tag-label\"><span>Bulk cargo<\/span><\/div>\n                                                <img width=\"512\" height=\"512\" src=\"https:\/\/www.pudongprime.vn\/wp-content\/uploads\/2023\/05\/E.png\" class=\"attachment-full size-full\" alt=\"\" loading=\"lazy\" srcset=\"https:\/\/www.pudongprime.vn\/wp-content\/uploads\/2023\/05\/E.png 512w, https:\/\/www.pudongprime.vn\/wp-content\/uploads\/2023\/05\/E-150x150.png 150w\" sizes=\"(max-width: 512px) 100vw, 512px\" \/>                                            <\/div>\n                                                                                                                                                                <div class=\"shipping-tag\">\n                                                <div class=\"tag-label\"><span>Bulk cargo<\/span><\/div>\n                                                <img width=\"512\" height=\"512\" src=\"https:\/\/www.pudongprime.vn\/wp-content\/uploads\/2023\/05\/F.png\" class=\"attachment-full size-full\" alt=\"\" loading=\"lazy\" srcset=\"https:\/\/www.pudongprime.vn\/wp-content\/uploads\/2023\/05\/F.png 512w, https:\/\/www.pudongprime.vn\/wp-content\/uploads\/2023\/05\/F-150x150.png 150w\" sizes=\"(max-width: 512px) 100vw, 512px\" \/>                                            <\/div>\n                                                                                                                                                                <div class=\"shipping-tag\">\n                                                <div class=\"tag-label\"><span>Single rail cars<\/span><\/div>\n                                                <img width=\"512\" height=\"512\" src=\"https:\/\/www.pudongprime.vn\/wp-content\/uploads\/2023\/05\/G.png\" class=\"attachment-full size-full\" alt=\"\" loading=\"lazy\" srcset=\"https:\/\/www.pudongprime.vn\/wp-content\/uploads\/2023\/05\/G.png 512w, https:\/\/www.pudongprime.vn\/wp-content\/uploads\/2023\/05\/G-150x150.png 150w\" sizes=\"(max-width: 512px) 100vw, 512px\" \/>                                            <\/div>\n                                                                                                                                                                <div class=\"shipping-tag\">\n                                                <div class=\"tag-label\"><span>Dangerous goods<\/span><\/div>\n                                                <img width=\"512\" height=\"512\" src=\"https:\/\/www.pudongprime.vn\/wp-content\/uploads\/2023\/05\/H.png\" class=\"attachment-full size-full\" alt=\"\" loading=\"lazy\" srcset=\"https:\/\/www.pudongprime.vn\/wp-content\/uploads\/2023\/05\/H.png 512w, https:\/\/www.pudongprime.vn\/wp-content\/uploads\/2023\/05\/H-150x150.png 150w\" sizes=\"(max-width: 512px) 100vw, 512px\" \/>                                            <\/div>\n                                                                                                                                                                <div class=\"shipping-tag\">\n                                                <div class=\"tag-label\"><span>Single rail cars<\/span><\/div>\n                                                <img width=\"362\" height=\"323\" src=\"https:\/\/www.pudongprime.vn\/wp-content\/uploads\/2023\/05\/I.png\" class=\"attachment-full size-full\" alt=\"\" loading=\"lazy\" \/>                                            <\/div>\n                                                                                                                                                                <div class=\"shipping-tag\">\n                                                <div class=\"tag-label\"><span>LCL<\/span><\/div>\n                                                <img width=\"512\" height=\"512\" src=\"https:\/\/www.pudongprime.vn\/wp-content\/uploads\/2023\/05\/J.png\" class=\"attachment-full size-full\" alt=\"\" loading=\"lazy\" srcset=\"https:\/\/www.pudongprime.vn\/wp-content\/uploads\/2023\/05\/J.png 512w, https:\/\/www.pudongprime.vn\/wp-content\/uploads\/2023\/05\/J-150x150.png 150w\" sizes=\"(max-width: 512px) 100vw, 512px\" \/>                                            <\/div>\n                                                                                                                                                                <div class=\"shipping-tag\">\n                                                <div class=\"tag-label\"><span>FCL<\/span><\/div>\n                                                <img width=\"512\" height=\"512\" src=\"https:\/\/www.pudongprime.vn\/wp-content\/uploads\/2023\/05\/K.png\" class=\"attachment-full size-full\" alt=\"\" loading=\"lazy\" srcset=\"https:\/\/www.pudongprime.vn\/wp-content\/uploads\/2023\/05\/K.png 512w, https:\/\/www.pudongprime.vn\/wp-content\/uploads\/2023\/05\/K-150x150.png 150w\" sizes=\"(max-width: 512px) 100vw, 512px\" \/>                                            <\/div>\n                                                                                                                                                                <div class=\"shipping-tag\">\n                                                <div class=\"tag-label\"><span>Container freight trains<\/span><\/div>\n                                                <img width=\"399\" height=\"399\" src=\"https:\/\/www.pudongprime.vn\/wp-content\/uploads\/2023\/05\/L.png\" class=\"attachment-full size-full\" alt=\"\" loading=\"lazy\" srcset=\"https:\/\/www.pudongprime.vn\/wp-content\/uploads\/2023\/05\/L.png 399w, https:\/\/www.pudongprime.vn\/wp-content\/uploads\/2023\/05\/L-150x150.png 150w\" sizes=\"(max-width: 399px) 100vw, 399px\" \/>                                            <\/div>\n                                                                                \n                                <\/div>\n                            <\/div>\n                                            <\/div>\n                <\/div>                \n            <\/div>\n        <\/div>\n    <\/div>\n<br \/>\n\t\t<!-- Comment to fix spacing issue\n\t--><\/p>\n<h2>0<\/h2>\n<p>N\u0103m kinh nghi\u1ec7m<br \/>\n\t<!-- Comment to fix spacing issue\n\t--><br \/>\n\t\t<!-- Comment to fix spacing issue\n\t--><\/p>\n<h2>0<\/h2>\n<p>Kh\u00e1ch h\u00e0ng<br \/>\n\t<!-- Comment to fix spacing issue\n\t--><br \/>\n\t\t<!-- Comment to fix spacing issue\n\t--><\/p>\n<h2>0<\/h2>\n<p>T\u1ec9nh th\u00e0nh<br \/>\n\t<!-- Comment to fix spacing issue\n\t--><br \/>\n\t\t<!-- Comment to fix spacing issue\n\t--><\/p>\n<h2>0<\/h2>\n<p>V\u0103n ph\u00f2ng<br \/>\n\t<!-- Comment to fix spacing issue\n\t--><br \/>\n\t\t\t\t<img src=\"https:\/\/pudongprime.vn\/wp-content\/uploads\/2023\/04\/icon.png\" alt=\"icon\" itemprop=\"image\"\/><\/p>\n<h3>\u0110\u1ed1i t\u00e1c<\/h3>\n<p>\t\t\t\t<img src=\"https:\/\/pudongprime.vn\/wp-content\/uploads\/2023\/04\/icon.png\" alt=\"icon\" itemprop=\"image\"\/><\/p>\n<h3>Th\u00f4ng tin h\u1eefu \u00edch<\/h3>\n<p>\t\t<a href=\"#\" target=\"_self\" role=\"button\" rel=\"noopener\"><br \/>\n\t\t\t\t\t\tXem t\u1ea5t c\u1ea3<br \/>\n\t\t<\/a><br \/>\n\t\t<a href=\"#\" target=\"_self\" role=\"button\" rel=\"noopener\"><br \/>\n\t\t\t\t\t\tSee all<br \/>\n\t\t<\/a><\/p>\n<h3>Li\u00ean h\u1ec7<\/h3>\n<p>C\u00f3 nhi\u1ec1u c\u00e1ch \u0111\u1ec3 li\u00ean h\u1ec7 v\u1edbi ch\u00fang t\u00f4i. B\u1ea1n c\u00f3 th\u1ec3 g\u1eedi tin, g\u1ecdi cho ch\u00fang t\u00f4i ho\u1eb7c g\u1eedi email&#8230; Ch\u00fang t\u00f4i lu\u00f4n s\u1eb5n s\u00e0ng gi\u00fap \u0111\u1ee1 b\u1ea1n.<\/p>\n<ul>\n<li>\n<h3>\u0110\u1ecaA CH\u1ec8<\/h3 >\n<p>Saigon Maison, S\u1ed1 3, \u0110\u01b0\u1eddng V\u00f5 V\u0103n T\u1ea7n, Ph\u01b0\u1eddng V\u00f5 Th\u1ecb S\u00e1u, Qu\u1eadn 3, TP.HCM<\/p>\n<\/li>\n<li>\n<h3>\u0110I\u1ec6N THO\u1ea0I<\/h3 >\n<p><a href=\"tel:HOTLINE 02836362111\">+84 28 36362111<\/a><\/p>\n<\/li>\n<li>\n<h3>EMAIL<\/h3 >\n<p><a href=\"mailto:info@pudongprime.vn\" target=\"_blank\" rel=\"noopener\">info@pudongprime.vn<\/a><\/p>\n<\/li>\n<li>\n<h3>FANPAGE<\/h3 >\n<p><a href=\"https:\/\/www.facebook.com\/PudongPrimeVietnam\" target=\"_blank\" rel=\"noopener\">PudongPrimeVietnam<\/a><\/p>\n<\/li>\n<\/ul>\n<div role=\"form\" class=\"wpcf7\" id=\"wpcf7-f553-o1\" lang=\"en-US\" dir=\"ltr\">\n<div class=\"screen-reader-response\"><\/div>\n<form action=\"\/vi\/wp-json\/wp\/v2\/pages\/551#wpcf7-f553-o1\" method=\"post\" class=\"wpcf7-form\" novalidate=\"novalidate\">\n<div style=\"display: none;\">\n<input type=\"hidden\" name=\"_wpcf7\" value=\"553\" \/>\n<input type=\"hidden\" name=\"_wpcf7_version\" value=\"5.1.1\" \/>\n<input type=\"hidden\" name=\"_wpcf7_locale\" value=\"en_US\" \/>\n<input type=\"hidden\" name=\"_wpcf7_unit_tag\" value=\"wpcf7-f553-o1\" \/>\n<input type=\"hidden\" name=\"_wpcf7_container_post\" value=\"0\" \/>\n<input type=\"hidden\" name=\"g-recaptcha-response\" value=\"\" \/>\n<\/div>\n<div style=\"display: none\"><p><span class=\"wpcf7-form-control-wrap\" data-name=\"mbws\"><input size=\"40\" class=\"wpcf7-form-control wpcf7-text\" aria-invalid=\"false\" value=\"\" type=\"text\" name=\"mbws\"><\/span><\/p><\/div><div class=\"row\">\n<div class=\"col-md-12 col-xs-12 ct-row\">\n<span class=\"wpcf7-form-control-wrap your-name\"><input type=\"text\" name=\"your-name\" value=\"\" size=\"40\" class=\"wpcf7-form-control wpcf7-text wpcf7-validates-as-required\" aria-required=\"true\" aria-invalid=\"false\" placeholder=\"H\u1ecd t\u00ean *\" \/><\/span>\n<\/div>\n<div class=\"col-md-12 col-xs-12 ct-row\">\n<span class=\"wpcf7-form-control-wrap your-email\"><input type=\"email\" name=\"your-email\" value=\"\" size=\"40\" class=\"wpcf7-form-control wpcf7-text wpcf7-email wpcf7-validates-as-required wpcf7-validates-as-email\" aria-required=\"true\" aria-invalid=\"false\" placeholder=\"Email *\" \/><\/span>\n<\/div>\n<div class=\"col-md-12 col-xs-12 ct-row\">\n<span class=\"wpcf7-form-control-wrap your-message\"><textarea name=\"your-message\" cols=\"40\" rows=\"10\" class=\"wpcf7-form-control wpcf7-textarea\" aria-invalid=\"false\" placeholder=\"N\u1ed9i dung\"><\/textarea><\/span>\n<\/div>\n<div class=\"col-md-12 col-xs-12  ct-row text-center\">\n<input type=\"submit\" value=\"G\u1eedi li\u00ean h\u1ec7\" class=\"wpcf7-form-control wpcf7-submit\" \/>\n<\/div>\n<\/div>\n<div class=\"wpcf7-response-output wpcf7-display-none\"><\/div><\/form><\/div>\n","protected":false},"excerpt":{"rendered":"<p>T\u1ea1i sao ch\u1ecdn Pudong Ch\u1ea5t l\u01b0\u1ee3ng cao Ch\u00fang t\u00f4i h\u1ec7 th\u1ed1ng h\u00f3a c\u00e1ch nh\u00e2n vi\u00ean ph\u1ee5c v\u1ee5 v\u00e0 \u0111\u1ed1i x\u1eed v\u1edbi ch\u00ednh kh\u00e1ch h\u00e0ng c\u1ee7a m\u00ecnh. Ch\u00fang t\u00f4i cung c\u1ea5p d\u1ecbch v\u1ee5 v\u1edbi chi ph\u00ed th\u1ea5p nh\u01b0ng ch\u1ea5t l\u01b0\u1ee3ng v\u01b0\u1ee3t ngo\u00e0i mong \u0111\u1ee3i. An to\u00e0n L\u00f4 h\u00e0ng c\u00f3 gi\u00e1 tr\u1ecb c\u1ee7a b\u1ea1n ph\u1ea3i \u0111\u01b0\u1ee3c x\u1eed&hellip;<\/p>\n","protected":false},"author":2,"featured_media":0,"parent":0,"menu_order":0,"comment_status":"closed","ping_status":"closed","template":"","meta":{"inline_featured_image":false},"_links":{"self":[{"href":"https:\/\/www.pudongprime.vn\/vi\/wp-json\/wp\/v2\/pages\/551"}],"collection":[{"href":"https:\/\/www.pudongprime.vn\/vi\/wp-json\/wp\/v2\/pages"}],"about":[{"href":"https:\/\/www.pudongprime.vn\/vi\/wp-json\/wp\/v2\/types\/page"}],"author":[{"embeddable":true,"href":"https:\/\/www.pudongprime.vn\/vi\/wp-json\/wp\/v2\/users\/2"}],"replies":[{"embeddable":true,"href":"https:\/\/www.pudongprime.vn\/vi\/wp-json\/wp\/v2\/comments?post=551"}],"version-history":[{"count":10,"href":"https:\/\/www.pudongprime.vn\/vi\/wp-json\/wp\/v2\/pages\/551\/revisions"}],"predecessor-version":[{"id":1225,"href":"https:\/\/www.pudongprime.vn\/vi\/wp-json\/wp\/v2\/pages\/551\/revisions\/1225"}],"wp:attachment":[{"href":"https:\/\/www.pudongprime.vn\/vi\/wp-json\/wp\/v2\/media?parent=551"}],"curies":[{"name":"wp","href":"https:\/\/api.w.org\/{rel}","templated":true}]}}