{"id":554,"date":"2023-04-11T21:14:49","date_gmt":"2023-04-11T14:14:49","guid":{"rendered":"https:\/\/pudongprime.vn\/contact"},"modified":"2023-07-03T15:17:27","modified_gmt":"2023-07-03T08:17:27","slug":"lien-he","status":"publish","type":"page","link":"https:\/\/www.pudongprime.vn\/vi\/lien-he","title":{"rendered":"Li\u00ean h\u1ec7"},"content":{"rendered":"<p>\t<iframe src=\"https:\/\/www.google.com\/maps\/embed?pb=!1m18!1m12!1m3!1d3919.3981053888833!2d106.69461319999999!3d10.7807902!2m3!1f0!2f0!3f0!3m2!1i1024!2i768!4f13.1!3m3!1m2!1s0x31752ff0edb141fb%3A0xe7ac0debc4c7c7e0!2sPudong%20Prime%20International%20Co%20Ltd%20-%20Ho%20Chi%20Minh%20Branch!5e0!3m2!1sen!2s!4v1684218359853!5m2!1sen!2s\" width=\"100%\" height=\"450\" style=\"border:0;\" allowfullscreen=\"\" loading=\"lazy\" referrerpolicy=\"no-referrer-when-downgrade\"><\/iframe><\/p>\n<h3>Li\u00ean h\u1ec7<\/h3>\n<p>C\u00f3 nhi\u1ec1u c\u00e1ch \u0111\u1ec3 li\u00ean h\u1ec7 v\u1edbi ch\u00fang t\u00f4i. B\u1ea1n c\u00f3 th\u1ec3 g\u1eedi tin, g\u1ecdi cho ch\u00fang t\u00f4i ho\u1eb7c g\u1eedi email&#8230; Ch\u00fang t\u00f4i lu\u00f4n s\u1eb5n s\u00e0ng gi\u00fap \u0111\u1ee1 b\u1ea1n.<\/p>\n<ul>\n<li>\n<h3>\u0110\u1ecaA CH\u1ec8<\/h3 >\n<p>Saigon Maison, S\u1ed1 3, \u0110\u01b0\u1eddng V\u00f5 V\u0103n T\u1ea7n, Ph\u01b0\u1eddng V\u00f5 Th\u1ecb S\u00e1u, Qu\u1eadn 3, TP.HCM<\/p>\n<\/li>\n<li>\n<h3>\u0110I\u1ec6N THO\u1ea0I<\/h3 >\n<p><a href=\"tel:02836362111\" target=\"_blank\" rel=\"noopener\">+84 28 36362111<\/a><\/p>\n<\/li>\n<li>\n<h3>EMAIL<\/h3 >\n<p><a href=\"mailto:info@pudongprime.vn\" target=\"_blank\" rel=\"noopener\">\u00a0info@pudongprime.vn<\/a><\/p>\n<\/li>\n<li>\n<h3>FANPAGE<\/h3 >\n<p><a href=\"https:\/\/www.facebook.com\/PudongPrimeVietnam\" target=\"_blank\" rel=\"noopener\">PudongPrimeVietnam<\/a><\/p>\n<\/li>\n<\/ul>\n<div role=\"form\" class=\"wpcf7\" id=\"wpcf7-f553-o1\" lang=\"en-US\" dir=\"ltr\">\n<div class=\"screen-reader-response\"><\/div>\n<form action=\"\/vi\/wp-json\/wp\/v2\/pages\/554#wpcf7-f553-o1\" method=\"post\" class=\"wpcf7-form\" novalidate=\"novalidate\">\n<div style=\"display: none;\">\n<input type=\"hidden\" name=\"_wpcf7\" value=\"553\" \/>\n<input type=\"hidden\" name=\"_wpcf7_version\" value=\"5.1.1\" \/>\n<input type=\"hidden\" name=\"_wpcf7_locale\" value=\"en_US\" \/>\n<input type=\"hidden\" name=\"_wpcf7_unit_tag\" value=\"wpcf7-f553-o1\" \/>\n<input type=\"hidden\" name=\"_wpcf7_container_post\" value=\"0\" \/>\n<input type=\"hidden\" name=\"g-recaptcha-response\" value=\"\" \/>\n<\/div>\n<div style=\"display: none\"><p><span class=\"wpcf7-form-control-wrap\" data-name=\"mbws\"><input size=\"40\" class=\"wpcf7-form-control wpcf7-text\" aria-invalid=\"false\" value=\"\" type=\"text\" name=\"mbws\"><\/span><\/p><\/div><div class=\"row\">\n<div class=\"col-md-12 col-xs-12 ct-row\">\n<span class=\"wpcf7-form-control-wrap your-name\"><input type=\"text\" name=\"your-name\" value=\"\" size=\"40\" class=\"wpcf7-form-control wpcf7-text wpcf7-validates-as-required\" aria-required=\"true\" aria-invalid=\"false\" placeholder=\"H\u1ecd t\u00ean *\" \/><\/span>\n<\/div>\n<div class=\"col-md-12 col-xs-12 ct-row\">\n<span class=\"wpcf7-form-control-wrap your-email\"><input type=\"email\" name=\"your-email\" value=\"\" size=\"40\" class=\"wpcf7-form-control wpcf7-text wpcf7-email wpcf7-validates-as-required wpcf7-validates-as-email\" aria-required=\"true\" aria-invalid=\"false\" placeholder=\"Email *\" \/><\/span>\n<\/div>\n<div class=\"col-md-12 col-xs-12 ct-row\">\n<span class=\"wpcf7-form-control-wrap your-message\"><textarea name=\"your-message\" cols=\"40\" rows=\"10\" class=\"wpcf7-form-control wpcf7-textarea\" aria-invalid=\"false\" placeholder=\"N\u1ed9i dung\"><\/textarea><\/span>\n<\/div>\n<div class=\"col-md-12 col-xs-12  ct-row text-center\">\n<input type=\"submit\" value=\"G\u1eedi li\u00ean h\u1ec7\" class=\"wpcf7-form-control wpcf7-submit\" \/>\n<\/div>\n<\/div>\n<div class=\"wpcf7-response-output wpcf7-display-none\"><\/div><\/form><\/div>\n","protected":false},"excerpt":{"rendered":"<p>Li\u00ean h\u1ec7 C\u00f3 nhi\u1ec1u c\u00e1ch \u0111\u1ec3 li\u00ean h\u1ec7 v\u1edbi ch\u00fang t\u00f4i. B\u1ea1n c\u00f3 th\u1ec3 g\u1eedi tin, g\u1ecdi cho ch\u00fang t\u00f4i ho\u1eb7c g\u1eedi email&#8230; Ch\u00fang t\u00f4i lu\u00f4n s\u1eb5n s\u00e0ng gi\u00fap \u0111\u1ee1 b\u1ea1n. \u0110\u1ecaA CH\u1ec8 Saigon Maison, S\u1ed1 3, \u0110\u01b0\u1eddng V\u00f5 V\u0103n T\u1ea7n, Ph\u01b0\u1eddng V\u00f5 Th\u1ecb S\u00e1u, Qu\u1eadn 3, TP.HCM \u0110I\u1ec6N THO\u1ea0I +84 28 36362111 EMAIL \u00a0info@pudongprime.vn&hellip;<\/p>\n","protected":false},"author":2,"featured_media":0,"parent":0,"menu_order":0,"comment_status":"closed","ping_status":"closed","template":"","meta":{"inline_featured_image":false},"_links":{"self":[{"href":"https:\/\/www.pudongprime.vn\/vi\/wp-json\/wp\/v2\/pages\/554"}],"collection":[{"href":"https:\/\/www.pudongprime.vn\/vi\/wp-json\/wp\/v2\/pages"}],"about":[{"href":"https:\/\/www.pudongprime.vn\/vi\/wp-json\/wp\/v2\/types\/page"}],"author":[{"embeddable":true,"href":"https:\/\/www.pudongprime.vn\/vi\/wp-json\/wp\/v2\/users\/2"}],"replies":[{"embeddable":true,"href":"https:\/\/www.pudongprime.vn\/vi\/wp-json\/wp\/v2\/comments?post=554"}],"version-history":[{"count":6,"href":"https:\/\/www.pudongprime.vn\/vi\/wp-json\/wp\/v2\/pages\/554\/revisions"}],"predecessor-version":[{"id":1086,"href":"https:\/\/www.pudongprime.vn\/vi\/wp-json\/wp\/v2\/pages\/554\/revisions\/1086"}],"wp:attachment":[{"href":"https:\/\/www.pudongprime.vn\/vi\/wp-json\/wp\/v2\/media?parent=554"}],"curies":[{"name":"wp","href":"https:\/\/api.w.org\/{rel}","templated":true}]}}